{"id":52,"date":"2025-10-06T13:24:38","date_gmt":"2025-10-06T13:24:38","guid":{"rendered":"https:\/\/americangym.pl\/?page_id=52"},"modified":"2026-01-02T14:24:05","modified_gmt":"2026-01-02T14:24:05","slug":"zajecia","status":"publish","type":"page","link":"https:\/\/americangym.pl\/index.php\/zajecia\/","title":{"rendered":"Zaj\u0119cia"},"content":{"rendered":"\t\t<div data-elementor-type=\"wp-page\" data-elementor-id=\"52\" class=\"elementor elementor-52\">\n\t\t\t\t<div class=\"elementor-element elementor-element-62cf476 e-flex e-con-boxed e-con e-parent\" data-id=\"62cf476\" data-element_type=\"container\" data-settings=\"{&quot;background_background&quot;:&quot;classic&quot;}\">\n\t\t\t\t\t<div class=\"e-con-inner\">\n\t\t\t\t<div class=\"elementor-element elementor-element-401ae6c elementor-widget elementor-widget-spacer\" data-id=\"401ae6c\" data-element_type=\"widget\" data-widget_type=\"spacer.default\">\n\t\t\t\t\t\t\t<div class=\"elementor-spacer\">\n\t\t\t<div class=\"elementor-spacer-inner\"><\/div>\n\t\t<\/div>\n\t\t\t\t\t\t<\/div>\n\t\t\t\t<div class=\"elementor-element elementor-element-1c1fdf0 elementor-widget elementor-widget-heading\" data-id=\"1c1fdf0\" data-element_type=\"widget\" data-widget_type=\"heading.default\">\n\t\t\t\t\t<h1 class=\"elementor-heading-title elementor-size-default\">Zaj\u0119cia<\/h1>\t\t\t\t<\/div>\n\t\t\t\t<div class=\"elementor-element elementor-element-d9a6ca3 elementor-widget-divider--view-line elementor-widget elementor-widget-divider\" data-id=\"d9a6ca3\" data-element_type=\"widget\" data-widget_type=\"divider.default\">\n\t\t\t\t\t\t\t<div class=\"elementor-divider\">\n\t\t\t<span class=\"elementor-divider-separator\">\n\t\t\t\t\t\t<\/span>\n\t\t<\/div>\n\t\t\t\t\t\t<\/div>\n\t\t\t\t<div class=\"elementor-element elementor-element-a9e2d65 elementor-widget elementor-widget-text-editor\" data-id=\"a9e2d65\" data-element_type=\"widget\" data-widget_type=\"text-editor.default\">\n\t\t\t\t\t\t\t\t\t<p>Masz konkretne treningi, kt\u00f3re robi\u0105 robot\u0119, a nie \u201ezaj\u0119cia dla zaj\u0119\u0107\u201d:<\/p><ul><li><p>Fat Burn \u2013 intensywna robota pod spalanie i kondycj\u0119<\/p><\/li><li><p>Boks (grupa mieszana) \u2013 technika, dynamika, charakter, forma<\/p><\/li><li><p>Kettlebells \u2013 dla pocz\u0105tkuj\u0105cych i zaawansowanych: si\u0142a + wytrzyma\u0142o\u015b\u0107 + kontrola<\/p><\/li><li><p>Zdrowy Kr\u0119gos\u0142up \u2013 prozdrowotnie, m\u0105drze, bez przeci\u0105\u017ce\u0144<\/p><\/li><li><p>ABT \/ Shape \/ ABS + Glutes \u2013 sylwetka, napi\u0119cie, kszta\u0142t<\/p><\/li><li><p>Stretching \u2013 mobilno\u015b\u0107, zakresy, regeneracja<\/p><\/li><li><p>Trening na maszynach \u2013 bezpieczne prowadzenie, pewna technika, progres<\/p><\/li><\/ul><h3>Dla kogo?<\/h3><p>Dla ka\u017cdego, kto chce:<\/p><ul><li><p>poprawi\u0107 kondycj\u0119,<\/p><\/li><li><p>wzmocni\u0107 cia\u0142o,<\/p><\/li><li><p>zadba\u0107 o zdrowie,<\/p><\/li><li><p>ogarn\u0105\u0107 sylwetk\u0119,<\/p><\/li><li><p>i wyj\u015b\u0107 z treningu z poczuciem: zrobi\u0142em robot\u0119.<\/p><\/li><\/ul><p>Niewa\u017cne, czy startujesz od zera, czy ju\u017c masz tempo \u2014 znajdziesz tu zaj\u0119cia, kt\u00f3re Ci\u0119 wci\u0105gn\u0105 i dadz\u0105 efekt.<br \/>A przy okazji: atmosfera jest na tyle dobra, \u017ce a\u017c szkoda odpu\u015bci\u0107.<\/p>\t\t\t\t\t\t\t\t<\/div>\n\t\t\t\t<div class=\"elementor-element elementor-element-625b539 elementor-widget-divider--view-line elementor-widget elementor-widget-divider\" data-id=\"625b539\" data-element_type=\"widget\" data-widget_type=\"divider.default\">\n\t\t\t\t\t\t\t<div class=\"elementor-divider\">\n\t\t\t<span class=\"elementor-divider-separator\">\n\t\t\t\t\t\t<\/span>\n\t\t<\/div>\n\t\t\t\t\t\t<\/div>\n\t\t\t\t\t<\/div>\n\t\t\t\t<\/div>\n\t\t<div class=\"elementor-element elementor-element-f73e97b e-flex e-con-boxed e-con e-parent\" data-id=\"f73e97b\" data-element_type=\"container\" data-settings=\"{&quot;background_background&quot;:&quot;classic&quot;}\">\n\t\t\t\t\t<div class=\"e-con-inner\">\n\t\t<div class=\"elementor-element elementor-element-fc53d57 e-con-full e-flex e-con e-child\" data-id=\"fc53d57\" data-element_type=\"container\">\n\t\t\t\t<div class=\"elementor-element elementor-element-ac977d6 elementor-widget elementor-widget-heading\" data-id=\"ac977d6\" data-element_type=\"widget\" data-widget_type=\"heading.default\">\n\t\t\t\t\t<h1 class=\"elementor-heading-title elementor-size-default\">Poniedzia\u0142ek<\/h1>\t\t\t\t<\/div>\n\t\t\t\t<\/div>\n\t\t<div class=\"elementor-element elementor-element-8b52100 e-con-full e-flex e-con e-child\" data-id=\"8b52100\" data-element_type=\"container\">\n\t\t\t\t<\/div>\n\t\t<div class=\"elementor-element elementor-element-c8735c3 e-con-full e-flex e-con e-child\" data-id=\"c8735c3\" data-element_type=\"container\">\n\t\t\t\t<\/div>\n\t\t<div class=\"elementor-element elementor-element-347fd27 e-con-full e-flex e-con e-child\" data-id=\"347fd27\" data-element_type=\"container\">\n\t\t<div class=\"elementor-element elementor-element-323c3a0 e-con-full e-flex e-con e-child\" data-id=\"323c3a0\" data-element_type=\"container\">\n\t\t\t\t<div class=\"elementor-element elementor-element-e184216 elementor-widget elementor-widget-text-editor\" data-id=\"e184216\" data-element_type=\"widget\" data-widget_type=\"text-editor.default\">\n\t\t\t\t\t\t\t\t\t<p>FAT BURN <br \/>17:30 <br \/>Anna Banaszak<\/p>\t\t\t\t\t\t\t\t<\/div>\n\t\t\t\t<\/div>\n\t\t<div class=\"elementor-element elementor-element-1ddbbd8 e-con-full e-flex e-con e-child\" data-id=\"1ddbbd8\" data-element_type=\"container\">\n\t\t\t\t<div class=\"elementor-element elementor-element-4fa850d elementor-widget elementor-widget-text-editor\" data-id=\"4fa850d\" data-element_type=\"widget\" data-widget_type=\"text-editor.default\">\n\t\t\t\t\t\t\t\t\t<p>BOKS <br>Grupa mieszana 19:30 <br>Mi\u0142osz Grabowski<\/p>\t\t\t\t\t\t\t\t<\/div>\n\t\t\t\t<\/div>\n\t\t\t\t<\/div>\n\t\t<div class=\"elementor-element elementor-element-747e183 e-con-full e-flex e-con e-child\" data-id=\"747e183\" data-element_type=\"container\">\n\t\t\t\t<div class=\"elementor-element elementor-element-5a1d651 elementor-widget elementor-widget-heading\" data-id=\"5a1d651\" data-element_type=\"widget\" data-widget_type=\"heading.default\">\n\t\t\t\t\t<h2 class=\"elementor-heading-title elementor-size-default\">Wtorek<\/h2>\t\t\t\t<\/div>\n\t\t\t\t<\/div>\n\t\t<div class=\"elementor-element elementor-element-9762be8 e-con-full e-flex e-con e-child\" data-id=\"9762be8\" data-element_type=\"container\">\n\t\t\t\t<\/div>\n\t\t<div class=\"elementor-element elementor-element-1e7caa3 e-con-full e-flex e-con e-child\" data-id=\"1e7caa3\" data-element_type=\"container\">\n\t\t\t\t<\/div>\n\t\t<div class=\"elementor-element elementor-element-e261326 e-con-full e-flex e-con e-child\" data-id=\"e261326\" data-element_type=\"container\">\n\t\t<div class=\"elementor-element elementor-element-f9e6d16 e-con-full e-flex e-con e-child\" data-id=\"f9e6d16\" data-element_type=\"container\">\n\t\t\t\t<div class=\"elementor-element elementor-element-64e4715 elementor-widget elementor-widget-text-editor\" data-id=\"64e4715\" data-element_type=\"widget\" data-widget_type=\"text-editor.default\">\n\t\t\t\t\t\t\t\t\t<p>KETTLEBELLS <br \/>Dla zaawansowanych 18:00 <br \/>Eliza Turowska<\/p>\t\t\t\t\t\t\t\t<\/div>\n\t\t\t\t<\/div>\n\t\t<div class=\"elementor-element elementor-element-303ccd0 e-con-full e-flex e-con e-child\" data-id=\"303ccd0\" data-element_type=\"container\">\n\t\t\t\t<div class=\"elementor-element elementor-element-79a6d23 elementor-widget elementor-widget-text-editor\" data-id=\"79a6d23\" data-element_type=\"widget\" data-widget_type=\"text-editor.default\">\n\t\t\t\t\t\t\t\t\t<p>KETTLEBELLS <br \/>Dla pocz\u0105tkuj\u0105cych 19:00 <br \/>Eliza Turowska<\/p>\t\t\t\t\t\t\t\t<\/div>\n\t\t\t\t<\/div>\n\t\t<div class=\"elementor-element elementor-element-ff8f907 e-con-full e-flex e-con e-child\" data-id=\"ff8f907\" data-element_type=\"container\">\n\t\t\t\t<div class=\"elementor-element elementor-element-17e980c elementor-widget elementor-widget-text-editor\" data-id=\"17e980c\" data-element_type=\"widget\" data-widget_type=\"text-editor.default\">\n\t\t\t\t\t\t\t\t\t<p>ZDROWY KR\u0118GOS\u0141UP <br \/>20:00 <br \/>Eliza Turowska<\/p>\t\t\t\t\t\t\t\t<\/div>\n\t\t\t\t<\/div>\n\t\t<div class=\"elementor-element elementor-element-b3a19ad e-con-full e-flex e-con e-child\" data-id=\"b3a19ad\" data-element_type=\"container\">\n\t\t\t\t<div class=\"elementor-element elementor-element-aeada55 elementor-widget elementor-widget-text-editor\" data-id=\"aeada55\" data-element_type=\"widget\" data-widget_type=\"text-editor.default\">\n\t\t\t\t\t\t\t\t\t<p>Poranny rozruch<br \/>9.00 <br \/>Eliza Turowska\u00a0<\/p>\t\t\t\t\t\t\t\t<\/div>\n\t\t\t\t<\/div>\n\t\t\t\t<\/div>\n\t\t<div class=\"elementor-element elementor-element-6acc697 e-con-full e-flex e-con e-child\" data-id=\"6acc697\" data-element_type=\"container\">\n\t\t\t\t<div class=\"elementor-element elementor-element-3887233 elementor-widget elementor-widget-heading\" data-id=\"3887233\" data-element_type=\"widget\" data-widget_type=\"heading.default\">\n\t\t\t\t\t<h2 class=\"elementor-heading-title elementor-size-default\">\u015aroda<\/h2>\t\t\t\t<\/div>\n\t\t\t\t<\/div>\n\t\t<div class=\"elementor-element elementor-element-4c23840 e-con-full e-flex e-con e-child\" data-id=\"4c23840\" data-element_type=\"container\">\n\t\t\t\t<\/div>\n\t\t<div class=\"elementor-element elementor-element-744c1a5 e-con-full e-flex e-con e-child\" data-id=\"744c1a5\" data-element_type=\"container\">\n\t\t\t\t<\/div>\n\t\t<div class=\"elementor-element elementor-element-992949d e-con-full e-flex e-con e-child\" data-id=\"992949d\" data-element_type=\"container\">\n\t\t<div class=\"elementor-element elementor-element-354f1ec e-con-full e-flex e-con e-child\" data-id=\"354f1ec\" data-element_type=\"container\">\n\t\t\t\t<div class=\"elementor-element elementor-element-4e73150 elementor-widget elementor-widget-text-editor\" data-id=\"4e73150\" data-element_type=\"widget\" data-widget_type=\"text-editor.default\">\n\t\t\t\t\t\t\t\t\t<p>TRENING NA MASZYNACH<br \/>9:00 <br \/>Eliza Turowska<\/p>\t\t\t\t\t\t\t\t<\/div>\n\t\t\t\t<\/div>\n\t\t<div class=\"elementor-element elementor-element-44bd20b e-con-full e-flex e-con e-child\" data-id=\"44bd20b\" data-element_type=\"container\">\n\t\t\t\t<div class=\"elementor-element elementor-element-0164f37 elementor-widget elementor-widget-text-editor\" data-id=\"0164f37\" data-element_type=\"widget\" data-widget_type=\"text-editor.default\">\n\t\t\t\t\t\t\t\t\t<p>ABT <br \/>17:30 <br \/>Anna Banaszak<\/p>\t\t\t\t\t\t\t\t<\/div>\n\t\t\t\t<\/div>\n\t\t<div class=\"elementor-element elementor-element-0b63f7d e-con-full e-flex e-con e-child\" data-id=\"0b63f7d\" data-element_type=\"container\">\n\t\t\t\t<div class=\"elementor-element elementor-element-a1bbc09 elementor-widget elementor-widget-text-editor\" data-id=\"a1bbc09\" data-element_type=\"widget\" data-widget_type=\"text-editor.default\">\n\t\t\t\t\t\t\t\t\t<p>SHAPE <br \/>18:30 <br \/>Eliza Turowska<\/p>\t\t\t\t\t\t\t\t<\/div>\n\t\t\t\t<\/div>\n\t\t<div class=\"elementor-element elementor-element-f166331 e-con-full e-flex e-con e-child\" data-id=\"f166331\" data-element_type=\"container\">\n\t\t\t\t<div class=\"elementor-element elementor-element-95788fe elementor-widget elementor-widget-text-editor\" data-id=\"95788fe\" data-element_type=\"widget\" data-widget_type=\"text-editor.default\">\n\t\t\t\t\t\t\t\t\t<p>TRENING NA MASZYNACH 19:45 <br \/>Eliza Turowska\u00a0<\/p>\t\t\t\t\t\t\t\t<\/div>\n\t\t\t\t<\/div>\n\t\t\t\t<\/div>\n\t\t<div class=\"elementor-element elementor-element-94607b2 e-con-full e-flex e-con e-child\" data-id=\"94607b2\" data-element_type=\"container\">\n\t\t\t\t<div class=\"elementor-element elementor-element-cfdb9aa elementor-widget elementor-widget-heading\" data-id=\"cfdb9aa\" data-element_type=\"widget\" data-widget_type=\"heading.default\">\n\t\t\t\t\t<h2 class=\"elementor-heading-title elementor-size-default\">Czwartek<\/h2>\t\t\t\t<\/div>\n\t\t\t\t<\/div>\n\t\t<div class=\"elementor-element elementor-element-9f9e948 e-con-full e-flex e-con e-child\" data-id=\"9f9e948\" data-element_type=\"container\">\n\t\t\t\t<\/div>\n\t\t<div class=\"elementor-element elementor-element-3cce23a e-con-full e-flex e-con e-child\" data-id=\"3cce23a\" data-element_type=\"container\">\n\t\t\t\t<\/div>\n\t\t<div class=\"elementor-element elementor-element-410aa7a e-con-full e-flex e-con e-child\" data-id=\"410aa7a\" data-element_type=\"container\">\n\t\t<div class=\"elementor-element elementor-element-456328f e-con-full e-flex e-con e-child\" data-id=\"456328f\" data-element_type=\"container\">\n\t\t\t\t<div class=\"elementor-element elementor-element-ededa3e elementor-widget elementor-widget-text-editor\" data-id=\"ededa3e\" data-element_type=\"widget\" data-widget_type=\"text-editor.default\">\n\t\t\t\t\t\t\t\t\t<p>ABS+GLUTES <br \/>18:00 <br \/>Eliza Turowska<\/p>\t\t\t\t\t\t\t\t<\/div>\n\t\t\t\t<\/div>\n\t\t<div class=\"elementor-element elementor-element-9cb9847 e-con-full e-flex e-con e-child\" data-id=\"9cb9847\" data-element_type=\"container\">\n\t\t\t\t<div class=\"elementor-element elementor-element-e5b635d elementor-widget elementor-widget-text-editor\" data-id=\"e5b635d\" data-element_type=\"widget\" data-widget_type=\"text-editor.default\">\n\t\t\t\t\t\t\t\t\t<p>STRETCHING<br \/>19:00 <br \/>Eliza Turowska\u00a0<\/p>\t\t\t\t\t\t\t\t<\/div>\n\t\t\t\t<\/div>\n\t\t\t\t<\/div>\n\t\t<div class=\"elementor-element elementor-element-c1b8b83 e-con-full e-flex e-con e-child\" data-id=\"c1b8b83\" data-element_type=\"container\">\n\t\t\t\t<div class=\"elementor-element elementor-element-6be9c69 elementor-widget elementor-widget-heading\" data-id=\"6be9c69\" data-element_type=\"widget\" data-widget_type=\"heading.default\">\n\t\t\t\t\t<h2 class=\"elementor-heading-title elementor-size-default\">Pi\u0105tek <\/h2>\t\t\t\t<\/div>\n\t\t\t\t<\/div>\n\t\t<div class=\"elementor-element elementor-element-81fd4e0 e-con-full e-flex e-con e-child\" data-id=\"81fd4e0\" data-element_type=\"container\">\n\t\t\t\t<\/div>\n\t\t<div class=\"elementor-element elementor-element-f408801 e-con-full e-flex e-con e-child\" data-id=\"f408801\" data-element_type=\"container\">\n\t\t\t\t<\/div>\n\t\t<div class=\"elementor-element elementor-element-3f3d34c e-con-full e-flex e-con e-child\" data-id=\"3f3d34c\" data-element_type=\"container\">\n\t\t\t\t<div class=\"elementor-element elementor-element-26e3fe1 elementor-widget elementor-widget-text-editor\" data-id=\"26e3fe1\" data-element_type=\"widget\" data-widget_type=\"text-editor.default\">\n\t\t\t\t\t\t\t\t\t<p><strong>Brak zaj\u0119\u0107\u00a0<\/strong><\/p>\t\t\t\t\t\t\t\t<\/div>\n\t\t\t\t<\/div>\n\t\t<div class=\"elementor-element elementor-element-8d368a4 e-con-full e-flex e-con e-child\" data-id=\"8d368a4\" data-element_type=\"container\">\n\t\t\t\t<div class=\"elementor-element elementor-element-c27b66c elementor-widget elementor-widget-heading\" data-id=\"c27b66c\" data-element_type=\"widget\" data-widget_type=\"heading.default\">\n\t\t\t\t\t<h2 class=\"elementor-heading-title elementor-size-default\">Sobota<\/h2>\t\t\t\t<\/div>\n\t\t\t\t<\/div>\n\t\t<div class=\"elementor-element elementor-element-7bbf6fa e-con-full e-flex e-con e-child\" data-id=\"7bbf6fa\" data-element_type=\"container\">\n\t\t\t\t<\/div>\n\t\t<div class=\"elementor-element elementor-element-1feba1e e-con-full e-flex e-con e-child\" data-id=\"1feba1e\" data-element_type=\"container\">\n\t\t\t\t<\/div>\n\t\t<div class=\"elementor-element elementor-element-3f1a5a3 e-con-full e-flex e-con e-child\" data-id=\"3f1a5a3\" data-element_type=\"container\">\n\t\t<div class=\"elementor-element elementor-element-9586ba2 e-con-full e-flex e-con e-child\" data-id=\"9586ba2\" data-element_type=\"container\">\n\t\t\t\t<div class=\"elementor-element elementor-element-ce851af elementor-widget elementor-widget-text-editor\" data-id=\"ce851af\" data-element_type=\"widget\" data-widget_type=\"text-editor.default\">\n\t\t\t\t\t\t\t\t\t<p>BOKS <br \/>Grupa mieszana 10:00 <br \/>Mi\u0142osz Grabowski<\/p>\t\t\t\t\t\t\t\t<\/div>\n\t\t\t\t<\/div>\n\t\t\t\t<\/div>\n\t\t<div class=\"elementor-element elementor-element-e002b01 e-con-full e-flex e-con e-child\" data-id=\"e002b01\" data-element_type=\"container\">\n\t\t\t\t<div class=\"elementor-element elementor-element-f4196dd elementor-widget elementor-widget-heading\" data-id=\"f4196dd\" data-element_type=\"widget\" data-widget_type=\"heading.default\">\n\t\t\t\t\t<h2 class=\"elementor-heading-title elementor-size-default\">Niedziela<\/h2>\t\t\t\t<\/div>\n\t\t\t\t<\/div>\n\t\t<div class=\"elementor-element elementor-element-d03a836 e-con-full e-flex e-con e-child\" data-id=\"d03a836\" data-element_type=\"container\">\n\t\t\t\t<\/div>\n\t\t<div class=\"elementor-element elementor-element-daeb467 e-con-full e-flex e-con e-child\" data-id=\"daeb467\" data-element_type=\"container\">\n\t\t\t\t<\/div>\n\t\t<div class=\"elementor-element elementor-element-302b561 e-con-full e-flex e-con e-child\" data-id=\"302b561\" data-element_type=\"container\">\n\t\t\t\t<div class=\"elementor-element elementor-element-224f60a elementor-widget elementor-widget-text-editor\" data-id=\"224f60a\" data-element_type=\"widget\" data-widget_type=\"text-editor.default\">\n\t\t\t\t\t\t\t\t\t<p><strong>Brak zaj\u0119\u0107\u00a0<\/strong><\/p>\t\t\t\t\t\t\t\t<\/div>\n\t\t\t\t<\/div>\n\t\t\t\t\t<\/div>\n\t\t\t\t<\/div>\n\t\t\t\t<\/div>\n\t\t","protected":false},"excerpt":{"rendered":"<p>Zaj\u0119cia Masz konkretne treningi, kt\u00f3re robi\u0105 robot\u0119, a nie \u201ezaj\u0119cia dla zaj\u0119\u0107\u201d: Fat Burn \u2013 intensywna robota pod spalanie i kondycj\u0119 Boks (grupa mieszana) \u2013 technika, dynamika, charakter, forma Kettlebells \u2013 dla pocz\u0105tkuj\u0105cych i zaawansowanych: si\u0142a + wytrzyma\u0142o\u015b\u0107 + kontrola Zdrowy Kr\u0119gos\u0142up \u2013 prozdrowotnie, m\u0105drze, bez przeci\u0105\u017ce\u0144 ABT \/ Shape \/ ABS + Glutes \u2013 [&hellip;]<\/p>\n","protected":false},"author":1,"featured_media":0,"parent":0,"menu_order":0,"comment_status":"closed","ping_status":"closed","template":"","meta":{"footnotes":""},"class_list":["post-52","page","type-page","status-publish","hentry"],"_links":{"self":[{"href":"https:\/\/americangym.pl\/index.php\/wp-json\/wp\/v2\/pages\/52","targetHints":{"allow":["GET"]}}],"collection":[{"href":"https:\/\/americangym.pl\/index.php\/wp-json\/wp\/v2\/pages"}],"about":[{"href":"https:\/\/americangym.pl\/index.php\/wp-json\/wp\/v2\/types\/page"}],"author":[{"embeddable":true,"href":"https:\/\/americangym.pl\/index.php\/wp-json\/wp\/v2\/users\/1"}],"replies":[{"embeddable":true,"href":"https:\/\/americangym.pl\/index.php\/wp-json\/wp\/v2\/comments?post=52"}],"version-history":[{"count":76,"href":"https:\/\/americangym.pl\/index.php\/wp-json\/wp\/v2\/pages\/52\/revisions"}],"predecessor-version":[{"id":1352,"href":"https:\/\/americangym.pl\/index.php\/wp-json\/wp\/v2\/pages\/52\/revisions\/1352"}],"wp:attachment":[{"href":"https:\/\/americangym.pl\/index.php\/wp-json\/wp\/v2\/media?parent=52"}],"curies":[{"name":"wp","href":"https:\/\/api.w.org\/{rel}","templated":true}]}}