{"id":57,"date":"2025-10-06T13:24:51","date_gmt":"2025-10-06T13:24:51","guid":{"rendered":"https:\/\/americangym.pl\/?page_id=57"},"modified":"2025-12-15T14:45:34","modified_gmt":"2025-12-15T14:45:34","slug":"kontakt","status":"publish","type":"page","link":"https:\/\/americangym.pl\/index.php\/kontakt\/","title":{"rendered":"Kontakt"},"content":{"rendered":"\t\t<div data-elementor-type=\"wp-page\" data-elementor-id=\"57\" class=\"elementor elementor-57\">\n\t\t\t\t<div class=\"elementor-element elementor-element-5416e53 e-flex e-con-boxed e-con e-parent\" data-id=\"5416e53\" data-element_type=\"container\" data-settings=\"{&quot;background_background&quot;:&quot;classic&quot;}\">\n\t\t\t\t\t<div class=\"e-con-inner\">\n\t\t<div class=\"elementor-element elementor-element-f909195 e-con-full e-flex e-con e-child\" data-id=\"f909195\" data-element_type=\"container\">\n\t\t\t\t<div class=\"elementor-element elementor-element-9ea7d86 elementor-widget elementor-widget-text-editor\" data-id=\"9ea7d86\" data-element_type=\"widget\" data-widget_type=\"text-editor.default\">\n\t\t\t\t\t\t\t\t\t<p>Kontakt<\/p>\t\t\t\t\t\t\t\t<\/div>\n\t\t\t\t<div class=\"elementor-element elementor-element-186a26f elementor-widget elementor-widget-heading\" data-id=\"186a26f\" data-element_type=\"widget\" data-widget_type=\"heading.default\">\n\t\t\t\t\t<h2 class=\"elementor-heading-title elementor-size-default\">Masz Pytania?\nSkontaktuj si\u0119 ju\u017c dzi\u015b!<\/h2>\t\t\t\t<\/div>\n\t\t\t\t<div class=\"elementor-element elementor-element-2ae895a elementor-widget elementor-widget-text-editor\" data-id=\"2ae895a\" data-element_type=\"widget\" data-widget_type=\"text-editor.default\">\n\t\t\t\t\t\t\t\t\t<div><h2>American Gym<\/h2><h4>ul. Mostowa 2<br \/>62-800 Kalisz<\/h4><p>Telefon do recepcji:<br \/>+48 509020276<br \/><br \/>Telefon do manad\u017cera:<br \/>+48 882779083<\/p><\/div><h5>Adres Email:<br \/><a href=\"mailto:kontakt@americangym.pl\">kontakt@americangym.pl<\/a><br \/><a href=\"mailto:recepcja@americangym.pl\">recepcja@americangym.pl<\/a><\/h5>\t\t\t\t\t\t\t\t<\/div>\n\t\t\t\t<\/div>\n\t\t<div class=\"elementor-element elementor-element-78174a7 e-con-full e-flex e-con e-child\" data-id=\"78174a7\" data-element_type=\"container\">\n\t\t\t\t<div class=\"elementor-element elementor-element-a6421a0 elementor-widget elementor-widget-image\" data-id=\"a6421a0\" data-element_type=\"widget\" data-widget_type=\"image.default\">\n\t\t\t\t\t\t\t\t\t\t\t\t\t\t\t<img fetchpriority=\"high\" decoding=\"async\" width=\"576\" height=\"1024\" src=\"https:\/\/americangym.pl\/wp-content\/uploads\/2025\/10\/DSC02396-Enhanced-NR-576x1024.jpg\" class=\"attachment-large size-large wp-image-16\" alt=\"\" srcset=\"https:\/\/americangym.pl\/wp-content\/uploads\/2025\/10\/DSC02396-Enhanced-NR-576x1024.jpg 576w, https:\/\/americangym.pl\/wp-content\/uploads\/2025\/10\/DSC02396-Enhanced-NR-169x300.jpg 169w, https:\/\/americangym.pl\/wp-content\/uploads\/2025\/10\/DSC02396-Enhanced-NR-768x1365.jpg 768w, https:\/\/americangym.pl\/wp-content\/uploads\/2025\/10\/DSC02396-Enhanced-NR-864x1536.jpg 864w, https:\/\/americangym.pl\/wp-content\/uploads\/2025\/10\/DSC02396-Enhanced-NR-1152x2048.jpg 1152w, https:\/\/americangym.pl\/wp-content\/uploads\/2025\/10\/DSC02396-Enhanced-NR-scaled.jpg 1441w\" sizes=\"(max-width: 576px) 100vw, 576px\" \/>\t\t\t\t\t\t\t\t\t\t\t\t\t\t\t<\/div>\n\t\t\t\t<\/div>\n\t\t\t\t\t<\/div>\n\t\t\t\t<\/div>\n\t\t<div class=\"elementor-element elementor-element-9db2af7 e-flex e-con-boxed e-con e-parent\" data-id=\"9db2af7\" data-element_type=\"container\" data-settings=\"{&quot;background_background&quot;:&quot;classic&quot;}\">\n\t\t\t\t\t<div class=\"e-con-inner\">\n\t\t<div class=\"elementor-element elementor-element-303c230 e-con-full e-flex e-con e-child\" data-id=\"303c230\" data-element_type=\"container\">\n\t\t\t\t<div class=\"elementor-element elementor-element-51210bf elementor-widget elementor-widget-text-editor\" data-id=\"51210bf\" data-element_type=\"widget\" data-widget_type=\"text-editor.default\">\n\t\t\t\t\t\t\t\t\t<p>Godziny otwarcia<\/p>\t\t\t\t\t\t\t\t<\/div>\n\t\t\t\t<div class=\"elementor-element elementor-element-d6b68ca elementor-widget elementor-widget-image\" data-id=\"d6b68ca\" data-element_type=\"widget\" data-widget_type=\"image.default\">\n\t\t\t\t\t\t\t\t\t\t\t\t\t\t\t<img decoding=\"async\" width=\"800\" height=\"191\" src=\"https:\/\/americangym.pl\/wp-content\/uploads\/2025\/10\/0800-2000-1024x244.png\" class=\"attachment-large size-large wp-image-871\" alt=\"\" srcset=\"https:\/\/americangym.pl\/wp-content\/uploads\/2025\/10\/0800-2000-1024x244.png 1024w, https:\/\/americangym.pl\/wp-content\/uploads\/2025\/10\/0800-2000-300x72.png 300w, https:\/\/americangym.pl\/wp-content\/uploads\/2025\/10\/0800-2000-768x183.png 768w, https:\/\/americangym.pl\/wp-content\/uploads\/2025\/10\/0800-2000-1536x366.png 1536w, https:\/\/americangym.pl\/wp-content\/uploads\/2025\/10\/0800-2000-2048x488.png 2048w\" sizes=\"(max-width: 800px) 100vw, 800px\" \/>\t\t\t\t\t\t\t\t\t\t\t\t\t\t\t<\/div>\n\t\t\t\t<\/div>\n\t\t<div class=\"elementor-element elementor-element-a597d94 e-con-full e-flex e-con e-child\" data-id=\"a597d94\" data-element_type=\"container\">\n\t\t\t\t<div class=\"elementor-element elementor-element-dbf5e10 elementor-widget elementor-widget-google_maps\" data-id=\"dbf5e10\" data-element_type=\"widget\" data-widget_type=\"google_maps.default\">\n\t\t\t\t\t\t\t<div class=\"elementor-custom-embed\">\n\t\t\t<iframe loading=\"lazy\"\n\t\t\t\t\tsrc=\"https:\/\/maps.google.com\/maps?q=Mostowa%202%2C%2062-800%20Kalisz%20American%20Gym&#038;t=m&#038;z=10&#038;output=embed&#038;iwloc=near\"\n\t\t\t\t\ttitle=\"Mostowa 2, 62-800 Kalisz American Gym\"\n\t\t\t\t\taria-label=\"Mostowa 2, 62-800 Kalisz American Gym\"\n\t\t\t><\/iframe>\n\t\t<\/div>\n\t\t\t\t\t\t<\/div>\n\t\t\t\t<\/div>\n\t\t\t\t\t<\/div>\n\t\t\t\t<\/div>\n\t\t<div class=\"elementor-element elementor-element-e199d02 e-flex e-con-boxed e-con e-parent\" data-id=\"e199d02\" data-element_type=\"container\">\n\t\t\t\t\t<div class=\"e-con-inner\">\n\t\t\t\t\t<\/div>\n\t\t\t\t<\/div>\n\t\t\t\t<\/div>\n\t\t","protected":false},"excerpt":{"rendered":"<p>Kontakt Masz Pytania? Skontaktuj si\u0119 ju\u017c dzi\u015b! American Gym ul. Mostowa 262-800 Kalisz Telefon do recepcji:+48 509020276 Telefon do manad\u017cera:+48 882779083 Adres Email:kontakt@americangym.plrecepcja@americangym.pl Godziny otwarcia<\/p>\n","protected":false},"author":1,"featured_media":0,"parent":0,"menu_order":0,"comment_status":"closed","ping_status":"closed","template":"","meta":{"footnotes":""},"class_list":["post-57","page","type-page","status-publish","hentry"],"_links":{"self":[{"href":"https:\/\/americangym.pl\/index.php\/wp-json\/wp\/v2\/pages\/57","targetHints":{"allow":["GET"]}}],"collection":[{"href":"https:\/\/americangym.pl\/index.php\/wp-json\/wp\/v2\/pages"}],"about":[{"href":"https:\/\/americangym.pl\/index.php\/wp-json\/wp\/v2\/types\/page"}],"author":[{"embeddable":true,"href":"https:\/\/americangym.pl\/index.php\/wp-json\/wp\/v2\/users\/1"}],"replies":[{"embeddable":true,"href":"https:\/\/americangym.pl\/index.php\/wp-json\/wp\/v2\/comments?post=57"}],"version-history":[{"count":19,"href":"https:\/\/americangym.pl\/index.php\/wp-json\/wp\/v2\/pages\/57\/revisions"}],"predecessor-version":[{"id":886,"href":"https:\/\/americangym.pl\/index.php\/wp-json\/wp\/v2\/pages\/57\/revisions\/886"}],"wp:attachment":[{"href":"https:\/\/americangym.pl\/index.php\/wp-json\/wp\/v2\/media?parent=57"}],"curies":[{"name":"wp","href":"https:\/\/api.w.org\/{rel}","templated":true}]}}