{"id":946,"date":"2025-12-22T10:12:38","date_gmt":"2025-12-22T10:12:38","guid":{"rendered":"https:\/\/americangym.pl\/?page_id=946"},"modified":"2025-12-22T18:46:33","modified_gmt":"2025-12-22T18:46:33","slug":"plany","status":"publish","type":"page","link":"https:\/\/americangym.pl\/index.php\/plany\/","title":{"rendered":"Plany"},"content":{"rendered":"\t\t<div data-elementor-type=\"wp-page\" data-elementor-id=\"946\" class=\"elementor elementor-946\">\n\t\t\t\t<div class=\"elementor-element elementor-element-d96bd42 animated-slow e-con-full e-flex elementor-invisible e-con e-parent\" data-id=\"d96bd42\" data-element_type=\"container\" data-settings=\"{&quot;background_background&quot;:&quot;classic&quot;,&quot;animation&quot;:&quot;fadeIn&quot;}\">\n\t\t\t\t<div class=\"elementor-element elementor-element-87f3cfa elementor-widget elementor-widget-spacer\" data-id=\"87f3cfa\" data-element_type=\"widget\" data-widget_type=\"spacer.default\">\n\t\t\t\t\t\t\t<div class=\"elementor-spacer\">\n\t\t\t<div class=\"elementor-spacer-inner\"><\/div>\n\t\t<\/div>\n\t\t\t\t\t\t<\/div>\n\t\t\t\t<div class=\"elementor-element elementor-element-b4385fd elementor-widget elementor-widget-heading\" data-id=\"b4385fd\" data-element_type=\"widget\" data-widget_type=\"heading.default\">\n\t\t\t\t\t<h1 class=\"elementor-heading-title elementor-size-default\">Plany<\/h1>\t\t\t\t<\/div>\n\t\t\t\t<div class=\"elementor-element elementor-element-8c0f837 elementor-widget-divider--view-line elementor-widget elementor-widget-divider\" data-id=\"8c0f837\" data-element_type=\"widget\" data-widget_type=\"divider.default\">\n\t\t\t\t\t\t\t<div class=\"elementor-divider\">\n\t\t\t<span class=\"elementor-divider-separator\">\n\t\t\t\t\t\t<\/span>\n\t\t<\/div>\n\t\t\t\t\t\t<\/div>\n\t\t\t\t<div class=\"elementor-element elementor-element-f8c3b58 elementor-widget-mobile__width-inherit elementor-widget elementor-widget-heading\" data-id=\"f8c3b58\" data-element_type=\"widget\" data-widget_type=\"heading.default\">\n\t\t\t\t\t<h2 class=\"elementor-heading-title elementor-size-default\">Zakup plan ju\u017c dzi\u015b<\/h2>\t\t\t\t<\/div>\n\t\t\t\t<div class=\"elementor-element elementor-element-5c2bac5 elementor-widget elementor-widget-spacer\" data-id=\"5c2bac5\" data-element_type=\"widget\" data-widget_type=\"spacer.default\">\n\t\t\t\t\t\t\t<div class=\"elementor-spacer\">\n\t\t\t<div class=\"elementor-spacer-inner\"><\/div>\n\t\t<\/div>\n\t\t\t\t\t\t<\/div>\n\t\t<div class=\"elementor-element elementor-element-2b4e871 e-con-full e-flex e-con e-child\" data-id=\"2b4e871\" data-element_type=\"container\">\n\t\t<a class=\"elementor-element elementor-element-8b3311f e-con-full e-transform e-flex e-con e-child\" data-id=\"8b3311f\" data-element_type=\"container\" data-settings=\"{&quot;_transform_scale_effect_hover&quot;:{&quot;unit&quot;:&quot;px&quot;,&quot;size&quot;:1.05,&quot;sizes&quot;:[]},&quot;_transform_scale_effect_hover_tablet&quot;:{&quot;unit&quot;:&quot;px&quot;,&quot;size&quot;:&quot;&quot;,&quot;sizes&quot;:[]},&quot;_transform_scale_effect_hover_mobile&quot;:{&quot;unit&quot;:&quot;px&quot;,&quot;size&quot;:&quot;&quot;,&quot;sizes&quot;:[]}}\" href=\"https:\/\/americangym.gymmanager.io\/register-page\">\n\t\t\t\t<div class=\"elementor-element elementor-element-6acc579 elementor-widget elementor-widget-image\" data-id=\"6acc579\" data-element_type=\"widget\" data-widget_type=\"image.default\">\n\t\t\t\t\t\t\t\t\t\t\t\t\t\t\t<img fetchpriority=\"high\" decoding=\"async\" width=\"800\" height=\"911\" src=\"https:\/\/americangym.pl\/wp-content\/uploads\/2025\/12\/CORE-MEMBERSHIP-899x1024.png\" class=\"attachment-large size-large wp-image-767\" alt=\"\" srcset=\"https:\/\/americangym.pl\/wp-content\/uploads\/2025\/12\/CORE-MEMBERSHIP-899x1024.png 899w, https:\/\/americangym.pl\/wp-content\/uploads\/2025\/12\/CORE-MEMBERSHIP-263x300.png 263w, https:\/\/americangym.pl\/wp-content\/uploads\/2025\/12\/CORE-MEMBERSHIP-768x875.png 768w, https:\/\/americangym.pl\/wp-content\/uploads\/2025\/12\/CORE-MEMBERSHIP-1348x1536.png 1348w, https:\/\/americangym.pl\/wp-content\/uploads\/2025\/12\/CORE-MEMBERSHIP-1797x2048.png 1797w\" sizes=\"(max-width: 800px) 100vw, 800px\" \/>\t\t\t\t\t\t\t\t\t\t\t\t\t\t\t<\/div>\n\t\t\t\t<\/a>\n\t\t<a class=\"elementor-element elementor-element-f0588e2 e-con-full e-transform e-flex e-con e-child\" data-id=\"f0588e2\" data-element_type=\"container\" data-settings=\"{&quot;_transform_scale_effect_hover&quot;:{&quot;unit&quot;:&quot;px&quot;,&quot;size&quot;:1.05,&quot;sizes&quot;:[]},&quot;_transform_scale_effect_hover_tablet&quot;:{&quot;unit&quot;:&quot;px&quot;,&quot;size&quot;:&quot;&quot;,&quot;sizes&quot;:[]},&quot;_transform_scale_effect_hover_mobile&quot;:{&quot;unit&quot;:&quot;px&quot;,&quot;size&quot;:&quot;&quot;,&quot;sizes&quot;:[]}}\" href=\"https:\/\/americangym.gymmanager.io\/register-page\">\n\t\t\t\t<div class=\"elementor-element elementor-element-f418dcd elementor-widget elementor-widget-image\" data-id=\"f418dcd\" data-element_type=\"widget\" data-widget_type=\"image.default\">\n\t\t\t\t\t\t\t\t\t\t\t\t\t\t\t<img decoding=\"async\" width=\"800\" height=\"830\" src=\"https:\/\/americangym.pl\/wp-content\/uploads\/2025\/12\/FREEDOM-PASS-987x1024.png\" class=\"attachment-large size-large wp-image-768\" alt=\"\" srcset=\"https:\/\/americangym.pl\/wp-content\/uploads\/2025\/12\/FREEDOM-PASS-987x1024.png 987w, https:\/\/americangym.pl\/wp-content\/uploads\/2025\/12\/FREEDOM-PASS-289x300.png 289w, https:\/\/americangym.pl\/wp-content\/uploads\/2025\/12\/FREEDOM-PASS-768x796.png 768w, https:\/\/americangym.pl\/wp-content\/uploads\/2025\/12\/FREEDOM-PASS-1481x1536.png 1481w, https:\/\/americangym.pl\/wp-content\/uploads\/2025\/12\/FREEDOM-PASS-1975x2048.png 1975w\" sizes=\"(max-width: 800px) 100vw, 800px\" \/>\t\t\t\t\t\t\t\t\t\t\t\t\t\t\t<\/div>\n\t\t\t\t<\/a>\n\t\t<a class=\"elementor-element elementor-element-8c79831 e-con-full e-transform e-flex e-con e-child\" data-id=\"8c79831\" data-element_type=\"container\" data-settings=\"{&quot;_transform_scale_effect_hover&quot;:{&quot;unit&quot;:&quot;px&quot;,&quot;size&quot;:1.05,&quot;sizes&quot;:[]},&quot;_transform_scale_effect_hover_tablet&quot;:{&quot;unit&quot;:&quot;px&quot;,&quot;size&quot;:&quot;&quot;,&quot;sizes&quot;:[]},&quot;_transform_scale_effect_hover_mobile&quot;:{&quot;unit&quot;:&quot;px&quot;,&quot;size&quot;:&quot;&quot;,&quot;sizes&quot;:[]}}\" href=\"https:\/\/americangym.gymmanager.io\/register-page\">\n\t\t\t\t<div class=\"elementor-element elementor-element-89a27fe elementor-widget elementor-widget-image\" data-id=\"89a27fe\" data-element_type=\"widget\" data-widget_type=\"image.default\">\n\t\t\t\t\t\t\t\t\t\t\t\t\t\t\t<img decoding=\"async\" width=\"800\" height=\"639\" src=\"https:\/\/americangym.pl\/wp-content\/uploads\/2025\/12\/ONE-DAY-PASS--1024x818.png\" class=\"attachment-large size-large wp-image-770\" alt=\"\" srcset=\"https:\/\/americangym.pl\/wp-content\/uploads\/2025\/12\/ONE-DAY-PASS--1024x818.png 1024w, https:\/\/americangym.pl\/wp-content\/uploads\/2025\/12\/ONE-DAY-PASS--300x240.png 300w, https:\/\/americangym.pl\/wp-content\/uploads\/2025\/12\/ONE-DAY-PASS--768x613.png 768w, https:\/\/americangym.pl\/wp-content\/uploads\/2025\/12\/ONE-DAY-PASS--1536x1226.png 1536w, https:\/\/americangym.pl\/wp-content\/uploads\/2025\/12\/ONE-DAY-PASS--2048x1635.png 2048w\" sizes=\"(max-width: 800px) 100vw, 800px\" \/>\t\t\t\t\t\t\t\t\t\t\t\t\t\t\t<\/div>\n\t\t\t\t<\/a>\n\t\t\t\t<\/div>\n\t\t<div class=\"elementor-element elementor-element-8eb5311 e-con-full e-flex e-con e-child\" data-id=\"8eb5311\" data-element_type=\"container\">\n\t\t<a class=\"elementor-element elementor-element-9924af3 e-con-full e-transform e-flex e-con e-child\" data-id=\"9924af3\" data-element_type=\"container\" data-settings=\"{&quot;_transform_scale_effect_hover&quot;:{&quot;unit&quot;:&quot;px&quot;,&quot;size&quot;:1.05,&quot;sizes&quot;:[]},&quot;_transform_scale_effect_hover_tablet&quot;:{&quot;unit&quot;:&quot;px&quot;,&quot;size&quot;:&quot;&quot;,&quot;sizes&quot;:[]},&quot;_transform_scale_effect_hover_mobile&quot;:{&quot;unit&quot;:&quot;px&quot;,&quot;size&quot;:&quot;&quot;,&quot;sizes&quot;:[]}}\" href=\"https:\/\/americangym.gymmanager.io\/register-page\">\n\t\t\t\t<div class=\"elementor-element elementor-element-24bd5c6 elementor-widget elementor-widget-image\" data-id=\"24bd5c6\" data-element_type=\"widget\" data-widget_type=\"image.default\">\n\t\t\t\t\t\t\t\t\t\t\t\t\t\t\t<img loading=\"lazy\" decoding=\"async\" width=\"800\" height=\"803\" src=\"https:\/\/americangym.pl\/wp-content\/uploads\/2025\/12\/STUDENT-ACCESS-1020x1024.png\" class=\"attachment-large size-large wp-image-772\" alt=\"\" srcset=\"https:\/\/americangym.pl\/wp-content\/uploads\/2025\/12\/STUDENT-ACCESS-1020x1024.png 1020w, https:\/\/americangym.pl\/wp-content\/uploads\/2025\/12\/STUDENT-ACCESS-300x300.png 300w, https:\/\/americangym.pl\/wp-content\/uploads\/2025\/12\/STUDENT-ACCESS-150x150.png 150w, https:\/\/americangym.pl\/wp-content\/uploads\/2025\/12\/STUDENT-ACCESS-768x771.png 768w, https:\/\/americangym.pl\/wp-content\/uploads\/2025\/12\/STUDENT-ACCESS-1529x1536.png 1529w, https:\/\/americangym.pl\/wp-content\/uploads\/2025\/12\/STUDENT-ACCESS-2039x2048.png 2039w\" sizes=\"(max-width: 800px) 100vw, 800px\" \/>\t\t\t\t\t\t\t\t\t\t\t\t\t\t\t<\/div>\n\t\t\t\t<\/a>\n\t\t<a class=\"elementor-element elementor-element-ad4dca2 e-con-full e-transform e-flex e-con e-child\" data-id=\"ad4dca2\" data-element_type=\"container\" data-settings=\"{&quot;_transform_scale_effect_hover&quot;:{&quot;unit&quot;:&quot;px&quot;,&quot;size&quot;:1.05,&quot;sizes&quot;:[]},&quot;_transform_scale_effect_hover_tablet&quot;:{&quot;unit&quot;:&quot;px&quot;,&quot;size&quot;:&quot;&quot;,&quot;sizes&quot;:[]},&quot;_transform_scale_effect_hover_mobile&quot;:{&quot;unit&quot;:&quot;px&quot;,&quot;size&quot;:&quot;&quot;,&quot;sizes&quot;:[]}}\" href=\"https:\/\/americangym.gymmanager.io\/register-page\">\n\t\t\t\t<div class=\"elementor-element elementor-element-f6e4e0f elementor-widget elementor-widget-image\" data-id=\"f6e4e0f\" data-element_type=\"widget\" data-widget_type=\"image.default\">\n\t\t\t\t\t\t\t\t\t\t\t\t\t\t\t<img loading=\"lazy\" decoding=\"async\" width=\"800\" height=\"904\" src=\"https:\/\/americangym.pl\/wp-content\/uploads\/2025\/12\/SENIOR-FIT-PASS-906x1024.png\" class=\"attachment-large size-large wp-image-771\" alt=\"\" srcset=\"https:\/\/americangym.pl\/wp-content\/uploads\/2025\/12\/SENIOR-FIT-PASS-906x1024.png 906w, https:\/\/americangym.pl\/wp-content\/uploads\/2025\/12\/SENIOR-FIT-PASS-266x300.png 266w, https:\/\/americangym.pl\/wp-content\/uploads\/2025\/12\/SENIOR-FIT-PASS-768x868.png 768w, https:\/\/americangym.pl\/wp-content\/uploads\/2025\/12\/SENIOR-FIT-PASS-1360x1536.png 1360w, https:\/\/americangym.pl\/wp-content\/uploads\/2025\/12\/SENIOR-FIT-PASS-1813x2048.png 1813w\" sizes=\"(max-width: 800px) 100vw, 800px\" \/>\t\t\t\t\t\t\t\t\t\t\t\t\t\t\t<\/div>\n\t\t\t\t<\/a>\n\t\t<a class=\"elementor-element elementor-element-f211835 e-con-full e-transform e-flex e-con e-child\" data-id=\"f211835\" data-element_type=\"container\" data-settings=\"{&quot;_transform_scale_effect_hover&quot;:{&quot;unit&quot;:&quot;px&quot;,&quot;size&quot;:1.05,&quot;sizes&quot;:[]},&quot;_transform_scale_effect_hover_tablet&quot;:{&quot;unit&quot;:&quot;px&quot;,&quot;size&quot;:&quot;&quot;,&quot;sizes&quot;:[]},&quot;_transform_scale_effect_hover_mobile&quot;:{&quot;unit&quot;:&quot;px&quot;,&quot;size&quot;:&quot;&quot;,&quot;sizes&quot;:[]}}\" href=\"https:\/\/americangym.gymmanager.io\/register-page\">\n\t\t\t\t<div class=\"elementor-element elementor-element-ae5f9d5 elementor-widget elementor-widget-image\" data-id=\"ae5f9d5\" data-element_type=\"widget\" data-widget_type=\"image.default\">\n\t\t\t\t\t\t\t\t\t\t\t\t\t\t\t<img loading=\"lazy\" decoding=\"async\" width=\"800\" height=\"871\" src=\"https:\/\/americangym.pl\/wp-content\/uploads\/2025\/12\/FULL-YEAR-PASS12-mie-941x1024.png\" class=\"attachment-large size-large wp-image-854\" alt=\"\" srcset=\"https:\/\/americangym.pl\/wp-content\/uploads\/2025\/12\/FULL-YEAR-PASS12-mie-941x1024.png 941w, https:\/\/americangym.pl\/wp-content\/uploads\/2025\/12\/FULL-YEAR-PASS12-mie-276x300.png 276w, https:\/\/americangym.pl\/wp-content\/uploads\/2025\/12\/FULL-YEAR-PASS12-mie-768x836.png 768w, https:\/\/americangym.pl\/wp-content\/uploads\/2025\/12\/FULL-YEAR-PASS12-mie-1412x1536.png 1412w, https:\/\/americangym.pl\/wp-content\/uploads\/2025\/12\/FULL-YEAR-PASS12-mie-1882x2048.png 1882w\" sizes=\"(max-width: 800px) 100vw, 800px\" \/>\t\t\t\t\t\t\t\t\t\t\t\t\t\t\t<\/div>\n\t\t\t\t<\/a>\n\t\t\t\t<\/div>\n\t\t<div class=\"elementor-element elementor-element-b4d539d e-con-full e-flex e-con e-child\" data-id=\"b4d539d\" data-element_type=\"container\">\n\t\t<div class=\"elementor-element elementor-element-430000b e-con-full e-flex e-con e-child\" data-id=\"430000b\" data-element_type=\"container\">\n\t\t\t\t<div class=\"elementor-element elementor-element-fac1841 elementor-widget elementor-widget-text-editor\" data-id=\"fac1841\" data-element_type=\"widget\" data-widget_type=\"text-editor.default\">\n\t\t\t\t\t\t\t\t\t<p>*Jednorazowa op\u0142ata wpisowa 49 z\u0142<\/p><p>*Zgubiona Karta lub kluczyk 49 z\u0142<\/p>\t\t\t\t\t\t\t\t<\/div>\n\t\t\t\t<\/div>\n\t\t<a class=\"elementor-element elementor-element-9162849 e-con-full e-flex e-con e-child\" data-id=\"9162849\" data-element_type=\"container\" href=\"https:\/\/americangym.gymmanager.io\/register-page\">\n\t\t\t\t<div class=\"elementor-element elementor-element-3c3edc0 elementor-widget elementor-widget-text-editor\" data-id=\"3c3edc0\" data-element_type=\"widget\" data-widget_type=\"text-editor.default\">\n\t\t\t\t\t\t\t\t\t<h4><strong>Kup ju\u017c teraz!<\/strong><\/h4>\t\t\t\t\t\t\t\t<\/div>\n\t\t\t\t<\/a>\n\t\t\t\t<\/div>\n\t\t\t\t<div class=\"elementor-element elementor-element-d49a991 elementor-widget elementor-widget-spacer\" data-id=\"d49a991\" data-element_type=\"widget\" data-widget_type=\"spacer.default\">\n\t\t\t\t\t\t\t<div class=\"elementor-spacer\">\n\t\t\t<div class=\"elementor-spacer-inner\"><\/div>\n\t\t<\/div>\n\t\t\t\t\t\t<\/div>\n\t\t<div class=\"elementor-element elementor-element-86db673 e-con-full e-flex e-con e-child\" data-id=\"86db673\" data-element_type=\"container\">\n\t\t\t\t<\/div>\n\t\t\t\t<\/div>\n\t\t\t\t<\/div>\n\t\t","protected":false},"excerpt":{"rendered":"<p>Plany Zakup plan ju\u017c dzi\u015b *Jednorazowa op\u0142ata wpisowa 49 z\u0142 *Zgubiona Karta lub kluczyk 49 z\u0142 Kup ju\u017c teraz!<\/p>\n","protected":false},"author":1,"featured_media":0,"parent":0,"menu_order":0,"comment_status":"closed","ping_status":"closed","template":"","meta":{"footnotes":""},"class_list":["post-946","page","type-page","status-publish","hentry"],"_links":{"self":[{"href":"https:\/\/americangym.pl\/index.php\/wp-json\/wp\/v2\/pages\/946","targetHints":{"allow":["GET"]}}],"collection":[{"href":"https:\/\/americangym.pl\/index.php\/wp-json\/wp\/v2\/pages"}],"about":[{"href":"https:\/\/americangym.pl\/index.php\/wp-json\/wp\/v2\/types\/page"}],"author":[{"embeddable":true,"href":"https:\/\/americangym.pl\/index.php\/wp-json\/wp\/v2\/users\/1"}],"replies":[{"embeddable":true,"href":"https:\/\/americangym.pl\/index.php\/wp-json\/wp\/v2\/comments?post=946"}],"version-history":[{"count":46,"href":"https:\/\/americangym.pl\/index.php\/wp-json\/wp\/v2\/pages\/946\/revisions"}],"predecessor-version":[{"id":1123,"href":"https:\/\/americangym.pl\/index.php\/wp-json\/wp\/v2\/pages\/946\/revisions\/1123"}],"wp:attachment":[{"href":"https:\/\/americangym.pl\/index.php\/wp-json\/wp\/v2\/media?parent=946"}],"curies":[{"name":"wp","href":"https:\/\/api.w.org\/{rel}","templated":true}]}}